{"id":9557,"date":"2022-04-27T11:32:17","date_gmt":"2022-04-27T08:32:18","guid":{"rendered":"https:\/\/funspor.com\/?post_type=product&#038;p=9557"},"modified":"2024-06-26T11:14:05","modified_gmt":"2024-06-26T08:14:05","slug":"hyperice-vyper-3","status":"publish","type":"product","link":"https:\/\/funspor.com\/en\/urun\/hyperice-vyper-3\/","title":{"rendered":"Hyperice Vyper 3"},"content":{"rendered":"<p><iframe loading=\"lazy\" title=\"The Vyper 3 with Anthony Katz\" width=\"1020\" height=\"574\" src=\"https:\/\/www.youtube.com\/embed\/3wmMwG4Ym9o?feature=oembed\" frameborder=\"0\" allow=\"accelerometer; autoplay; clipboard-write; encrypted-media; gyroscope; picture-in-picture; web-share\" allowfullscreen><\/iframe><\/p>\n<div class=\"container-desktop\">\n<div>\n<div><strong>Ready to roll<\/strong><\/p>\n<div class=\"jsx-4140983030 body\">\n<p class=\" jsx-2534508423 large \">All systems activated. Prime your body with a powerful vibrating massage. The Vyper 3 accelerates your warm up speeds recovery time and keeps you moving better.<\/p>\n<\/div>\n<\/div>\n<\/div>\n<div>\n<div>\n<div class=\"jsx-4140983030 items\">\n<div class=\"jsx-4140983030 card\">\n<article class=\"jsx-1730636184\">\n<div class=\"jsx-1730636184 image\"><img loading=\"lazy\" decoding=\"async\" class=\"jsx-1730636184\" src=\"https:\/\/images.ctfassets.net\/sa0xzxw55dr7\/7nY2m3bWmV1BTK3uPTUCBV\/ad2309ef050c7a6d728c4e001aff0499\/vyper-3-design.jpg?fm=webp\" alt=\"\" width=\"704\" height=\"560\" \/><\/div>\n<div class=\"jsx-1730636184 data\">\n<h5 class=\"jsx-3523244414 h5 \"><strong>Accelerated design<\/strong><\/h5>\n<div class=\"jsx-1730636184 body\">\n<p class=\" jsx-33195813 medium \">Built with your body in mind. The Vyper 3\u2019s contoured design helps avoid pressure on your spine and other sensitive areas for a more comfortable roll.<\/p>\n<\/div>\n<\/div>\n<\/article>\n<\/div>\n<div class=\"jsx-4140983030 card\">\n<article class=\"jsx-1730636184\">\n<div class=\"jsx-1730636184 data\">\n<h4 class=\"jsx-3523244414 h5 \"><strong>Turn it up<\/strong><\/h4>\n<div class=\"jsx-1730636184 body\">\n<p class=\" jsx-33195813 medium \">The Vyper 3 energizes your muscles and gets you prepped for action. Massage away tension, loosen up, and feel better with 3 speeds of high-intensity vibration.<\/p>\n<\/div>\n<\/div>\n<\/article>\n<\/div>\n<div class=\"jsx-4140983030 card\">\n<article class=\"jsx-1730636184\">\n<div class=\"jsx-1730636184 image\"><img loading=\"lazy\" decoding=\"async\" class=\"jsx-1730636184\" src=\"https:\/\/images.ctfassets.net\/sa0xzxw55dr7\/6qbfPgSCfpRl2tFBJZy8Mv\/5302971b481dd8e4101c630be3bd0084\/vyper-3-routine.jpg?fm=webp\" alt=\"\" width=\"704\" height=\"560\" \/><\/div>\n<div class=\"jsx-1730636184 data\">\n<h4 class=\"jsx-3523244414 h5 \"><strong>Meet your new routine<\/strong><\/h4>\n<div class=\"jsx-1730636184 body\">\n<p class=\" jsx-33195813 medium \">Look forward to the best warm up of your life. Pair the Vyper 3 to the Hyperice App for pro advice, guided sessions, and to monitor your progress from your phone.<\/p>\n<\/div>\n<\/div>\n<\/article>\n<\/div>\n<\/div>\n<\/div>\n<\/div>\n<\/div>\n<p>&nbsp;<\/p>\n<p><strong>TECHNICAL INFORMATION<\/strong><\/p>\n<p>Weight: 1225g<\/p>\n<p>Height: 13 x 5.4 x 5.4 in<\/p>\n<p>Battery life: 2 hours<\/p>\n<p>Speed: 3 speed percussion<\/p>\n<p>Motor: High torque 34W motor<\/p>\n<p>Bluetooth\u00ae: Connects to Hyperice App via Bluetooth\u00ae (for automatic speed control)<\/p>\n<p>Pressure sensor: Patented Pressure Sensor Technology\u2122 shows how much pressure is applied<\/p>\n<p>TSA-approved: TSA-approved for transport<\/p>\n<p>&nbsp;<\/p>\n","protected":false},"excerpt":{"rendered":"<div class=\"oSioSc\">\n<div id=\"tw-target\">\n<div id=\"kAz1tf\" class=\"g9WsWb\">\n<div id=\"tw-target-text-container\" class=\"tw-ta-container hide-focus-ring tw-nfl\" tabindex=\"0\">\n<p id=\"tw-target-text\" class=\"tw-data-text tw-text-large tw-ta\" dir=\"ltr\" data-placeholder=\"\u00c7eviri\"><strong><span class=\"Y2IQFc\" lang=\"tr\">The Vyper 3 accelerates your warm up, speeds recovery time, and keeps you moving better.<\/span><\/strong><\/p>\n<p id=\"tw-target-text\" class=\"tw-data-text tw-text-large XcVN5d tw-ta\" dir=\"ltr\" data-placeholder=\"\u00c7eviri\"><span lang=\"tr\">\u00a0<\/span><\/p>\n<\/div>\n<\/div>\n<\/div>\n<\/div>\n","protected":false},"featured_media":10232,"comment_status":"closed","ping_status":"closed","template":"","meta":[],"product_brand":[],"product_cat":[905,991,994],"product_tag":[],"class_list":{"0":"post-9557","1":"product","2":"type-product","3":"status-publish","4":"has-post-thumbnail","6":"product_cat-hyperice-en","7":"product_cat-vibration-massage-device","8":"product_cat-season-prep","10":"first","11":"outofstock","12":"featured","13":"shipping-taxable","14":"purchasable","15":"product-type-simple"},"yoast_head":"<!-- This site is optimized with the Yoast SEO plugin v27.3 - https:\/\/yoast.com\/product\/yoast-seo-wordpress\/ -->\n<title>Hyperice Vyper 3 - Fun Spor<\/title>\n<meta name=\"description\" content=\"Vyper 3, \u0131s\u0131nman\u0131z\u0131 h\u0131zland\u0131r\u0131r, toparlanma s\u00fcresini k\u0131salt\u0131r ve daha iyi hareket etmenizi sa\u011flar.\" \/>\n<meta name=\"robots\" content=\"index, follow, max-snippet:-1, max-image-preview:large, max-video-preview:-1\" \/>\n<link rel=\"canonical\" href=\"https:\/\/funspor.com\/en\/urun\/hyperice-vyper-3\/\" \/>\n<meta property=\"og:locale\" content=\"en_US\" \/>\n<meta property=\"og:type\" content=\"article\" \/>\n<meta property=\"og:title\" content=\"Hyperice Vyper 3 - Fun Spor\" \/>\n<meta property=\"og:description\" content=\"Vyper 3, \u0131s\u0131nman\u0131z\u0131 h\u0131zland\u0131r\u0131r, toparlanma s\u00fcresini k\u0131salt\u0131r ve daha iyi hareket etmenizi sa\u011flar.\" \/>\n<meta property=\"og:url\" content=\"https:\/\/funspor.com\/en\/urun\/hyperice-vyper-3\/\" \/>\n<meta property=\"og:site_name\" content=\"Fun Spor\" \/>\n<meta property=\"article:publisher\" content=\"https:\/\/www.facebook.com\/BVSportTR\" \/>\n<meta property=\"article:modified_time\" content=\"2024-06-26T08:14:05+00:00\" \/>\n<meta property=\"og:image\" content=\"https:\/\/funspor.com\/wp-content\/uploads\/2022\/04\/f123e2_b9c523a020f34fc295893a9e6fc55a64mv2.jpg\" \/>\n\t<meta property=\"og:image:width\" content=\"556\" \/>\n\t<meta property=\"og:image:height\" content=\"834\" \/>\n\t<meta property=\"og:image:type\" content=\"image\/jpeg\" \/>\n<meta name=\"twitter:card\" content=\"summary_large_image\" \/>\n<meta name=\"twitter:label1\" content=\"Est. reading time\" \/>\n\t<meta name=\"twitter:data1\" content=\"2 minutes\" \/>\n<script type=\"application\/ld+json\" class=\"yoast-schema-graph\">{\"@context\":\"https:\\\/\\\/schema.org\",\"@graph\":[{\"@type\":\"WebPage\",\"@id\":\"https:\\\/\\\/funspor.com\\\/en\\\/urun\\\/hyperice-vyper-3\\\/\",\"url\":\"https:\\\/\\\/funspor.com\\\/en\\\/urun\\\/hyperice-vyper-3\\\/\",\"name\":\"Hyperice Vyper 3 - Fun Spor\",\"isPartOf\":{\"@id\":\"https:\\\/\\\/funspor.com\\\/#website\"},\"primaryImageOfPage\":{\"@id\":\"https:\\\/\\\/funspor.com\\\/en\\\/urun\\\/hyperice-vyper-3\\\/#primaryimage\"},\"image\":{\"@id\":\"https:\\\/\\\/funspor.com\\\/en\\\/urun\\\/hyperice-vyper-3\\\/#primaryimage\"},\"thumbnailUrl\":\"https:\\\/\\\/funspor.com\\\/wp-content\\\/uploads\\\/2022\\\/04\\\/f123e2_b9c523a020f34fc295893a9e6fc55a64mv2.jpg\",\"datePublished\":\"2022-04-27T08:32:18+00:00\",\"dateModified\":\"2024-06-26T08:14:05+00:00\",\"description\":\"Vyper 3, \u0131s\u0131nman\u0131z\u0131 h\u0131zland\u0131r\u0131r, toparlanma s\u00fcresini k\u0131salt\u0131r ve daha iyi hareket etmenizi sa\u011flar.\",\"breadcrumb\":{\"@id\":\"https:\\\/\\\/funspor.com\\\/en\\\/urun\\\/hyperice-vyper-3\\\/#breadcrumb\"},\"inLanguage\":\"en-US\",\"potentialAction\":[{\"@type\":\"ReadAction\",\"target\":[\"https:\\\/\\\/funspor.com\\\/en\\\/urun\\\/hyperice-vyper-3\\\/\"]}]},{\"@type\":\"ImageObject\",\"inLanguage\":\"en-US\",\"@id\":\"https:\\\/\\\/funspor.com\\\/en\\\/urun\\\/hyperice-vyper-3\\\/#primaryimage\",\"url\":\"https:\\\/\\\/funspor.com\\\/wp-content\\\/uploads\\\/2022\\\/04\\\/f123e2_b9c523a020f34fc295893a9e6fc55a64mv2.jpg\",\"contentUrl\":\"https:\\\/\\\/funspor.com\\\/wp-content\\\/uploads\\\/2022\\\/04\\\/f123e2_b9c523a020f34fc295893a9e6fc55a64mv2.jpg\",\"width\":556,\"height\":834},{\"@type\":\"BreadcrumbList\",\"@id\":\"https:\\\/\\\/funspor.com\\\/en\\\/urun\\\/hyperice-vyper-3\\\/#breadcrumb\",\"itemListElement\":[{\"@type\":\"ListItem\",\"position\":1,\"name\":\"Ana sayfa\",\"item\":\"https:\\\/\\\/funspor.com\\\/en\\\/\"},{\"@type\":\"ListItem\",\"position\":2,\"name\":\"E-Ma\u011faza\",\"item\":\"https:\\\/\\\/funspor.com\\\/e-magaza\\\/\"},{\"@type\":\"ListItem\",\"position\":3,\"name\":\"Hyperice Vyper 3\"}]},{\"@type\":\"WebSite\",\"@id\":\"https:\\\/\\\/funspor.com\\\/#website\",\"url\":\"https:\\\/\\\/funspor.com\\\/\",\"name\":\"Fun Spor\",\"description\":\"Pro Athlete Products\",\"publisher\":{\"@id\":\"https:\\\/\\\/funspor.com\\\/#organization\"},\"potentialAction\":[{\"@type\":\"SearchAction\",\"target\":{\"@type\":\"EntryPoint\",\"urlTemplate\":\"https:\\\/\\\/funspor.com\\\/?s={search_term_string}\"},\"query-input\":{\"@type\":\"PropertyValueSpecification\",\"valueRequired\":true,\"valueName\":\"search_term_string\"}}],\"inLanguage\":\"en-US\"},{\"@type\":\"Organization\",\"@id\":\"https:\\\/\\\/funspor.com\\\/#organization\",\"name\":\"Fun Spor\",\"url\":\"https:\\\/\\\/funspor.com\\\/\",\"logo\":{\"@type\":\"ImageObject\",\"inLanguage\":\"en-US\",\"@id\":\"https:\\\/\\\/funspor.com\\\/#\\\/schema\\\/logo\\\/image\\\/\",\"url\":\"https:\\\/\\\/funspor.com\\\/wp-content\\\/uploads\\\/2020\\\/06\\\/logo-funpor-1.png\",\"contentUrl\":\"https:\\\/\\\/funspor.com\\\/wp-content\\\/uploads\\\/2020\\\/06\\\/logo-funpor-1.png\",\"width\":230,\"height\":53,\"caption\":\"Fun Spor\"},\"image\":{\"@id\":\"https:\\\/\\\/funspor.com\\\/#\\\/schema\\\/logo\\\/image\\\/\"},\"sameAs\":[\"https:\\\/\\\/www.facebook.com\\\/BVSportTR\",\"https:\\\/\\\/www.instagram.com\\\/funspor\\\/\",\"https:\\\/\\\/www.instagram.com\\\/bvsport_tr\\\/\"]}]}<\/script>\n<!-- \/ Yoast SEO plugin. -->","yoast_head_json":{"title":"Hyperice Vyper 3 - Fun Spor","description":"Vyper 3, \u0131s\u0131nman\u0131z\u0131 h\u0131zland\u0131r\u0131r, toparlanma s\u00fcresini k\u0131salt\u0131r ve daha iyi hareket etmenizi sa\u011flar.","robots":{"index":"index","follow":"follow","max-snippet":"max-snippet:-1","max-image-preview":"max-image-preview:large","max-video-preview":"max-video-preview:-1"},"canonical":"https:\/\/funspor.com\/en\/urun\/hyperice-vyper-3\/","og_locale":"en_US","og_type":"article","og_title":"Hyperice Vyper 3 - Fun Spor","og_description":"Vyper 3, \u0131s\u0131nman\u0131z\u0131 h\u0131zland\u0131r\u0131r, toparlanma s\u00fcresini k\u0131salt\u0131r ve daha iyi hareket etmenizi sa\u011flar.","og_url":"https:\/\/funspor.com\/en\/urun\/hyperice-vyper-3\/","og_site_name":"Fun Spor","article_publisher":"https:\/\/www.facebook.com\/BVSportTR","article_modified_time":"2024-06-26T08:14:05+00:00","og_image":[{"width":556,"height":834,"url":"https:\/\/funspor.com\/wp-content\/uploads\/2022\/04\/f123e2_b9c523a020f34fc295893a9e6fc55a64mv2.jpg","type":"image\/jpeg"}],"twitter_card":"summary_large_image","twitter_misc":{"Est. reading time":"2 minutes"},"schema":{"@context":"https:\/\/schema.org","@graph":[{"@type":"WebPage","@id":"https:\/\/funspor.com\/en\/urun\/hyperice-vyper-3\/","url":"https:\/\/funspor.com\/en\/urun\/hyperice-vyper-3\/","name":"Hyperice Vyper 3 - Fun Spor","isPartOf":{"@id":"https:\/\/funspor.com\/#website"},"primaryImageOfPage":{"@id":"https:\/\/funspor.com\/en\/urun\/hyperice-vyper-3\/#primaryimage"},"image":{"@id":"https:\/\/funspor.com\/en\/urun\/hyperice-vyper-3\/#primaryimage"},"thumbnailUrl":"https:\/\/funspor.com\/wp-content\/uploads\/2022\/04\/f123e2_b9c523a020f34fc295893a9e6fc55a64mv2.jpg","datePublished":"2022-04-27T08:32:18+00:00","dateModified":"2024-06-26T08:14:05+00:00","description":"Vyper 3, \u0131s\u0131nman\u0131z\u0131 h\u0131zland\u0131r\u0131r, toparlanma s\u00fcresini k\u0131salt\u0131r ve daha iyi hareket etmenizi sa\u011flar.","breadcrumb":{"@id":"https:\/\/funspor.com\/en\/urun\/hyperice-vyper-3\/#breadcrumb"},"inLanguage":"en-US","potentialAction":[{"@type":"ReadAction","target":["https:\/\/funspor.com\/en\/urun\/hyperice-vyper-3\/"]}]},{"@type":"ImageObject","inLanguage":"en-US","@id":"https:\/\/funspor.com\/en\/urun\/hyperice-vyper-3\/#primaryimage","url":"https:\/\/funspor.com\/wp-content\/uploads\/2022\/04\/f123e2_b9c523a020f34fc295893a9e6fc55a64mv2.jpg","contentUrl":"https:\/\/funspor.com\/wp-content\/uploads\/2022\/04\/f123e2_b9c523a020f34fc295893a9e6fc55a64mv2.jpg","width":556,"height":834},{"@type":"BreadcrumbList","@id":"https:\/\/funspor.com\/en\/urun\/hyperice-vyper-3\/#breadcrumb","itemListElement":[{"@type":"ListItem","position":1,"name":"Ana sayfa","item":"https:\/\/funspor.com\/en\/"},{"@type":"ListItem","position":2,"name":"E-Ma\u011faza","item":"https:\/\/funspor.com\/e-magaza\/"},{"@type":"ListItem","position":3,"name":"Hyperice Vyper 3"}]},{"@type":"WebSite","@id":"https:\/\/funspor.com\/#website","url":"https:\/\/funspor.com\/","name":"Fun Spor","description":"Pro Athlete Products","publisher":{"@id":"https:\/\/funspor.com\/#organization"},"potentialAction":[{"@type":"SearchAction","target":{"@type":"EntryPoint","urlTemplate":"https:\/\/funspor.com\/?s={search_term_string}"},"query-input":{"@type":"PropertyValueSpecification","valueRequired":true,"valueName":"search_term_string"}}],"inLanguage":"en-US"},{"@type":"Organization","@id":"https:\/\/funspor.com\/#organization","name":"Fun Spor","url":"https:\/\/funspor.com\/","logo":{"@type":"ImageObject","inLanguage":"en-US","@id":"https:\/\/funspor.com\/#\/schema\/logo\/image\/","url":"https:\/\/funspor.com\/wp-content\/uploads\/2020\/06\/logo-funpor-1.png","contentUrl":"https:\/\/funspor.com\/wp-content\/uploads\/2020\/06\/logo-funpor-1.png","width":230,"height":53,"caption":"Fun Spor"},"image":{"@id":"https:\/\/funspor.com\/#\/schema\/logo\/image\/"},"sameAs":["https:\/\/www.facebook.com\/BVSportTR","https:\/\/www.instagram.com\/funspor\/","https:\/\/www.instagram.com\/bvsport_tr\/"]}]}},"_links":{"self":[{"href":"https:\/\/funspor.com\/en\/wp-json\/wp\/v2\/product\/9557","targetHints":{"allow":["GET"]}}],"collection":[{"href":"https:\/\/funspor.com\/en\/wp-json\/wp\/v2\/product"}],"about":[{"href":"https:\/\/funspor.com\/en\/wp-json\/wp\/v2\/types\/product"}],"replies":[{"embeddable":true,"href":"https:\/\/funspor.com\/en\/wp-json\/wp\/v2\/comments?post=9557"}],"wp:featuredmedia":[{"embeddable":true,"href":"https:\/\/funspor.com\/en\/wp-json\/wp\/v2\/media\/10232"}],"wp:attachment":[{"href":"https:\/\/funspor.com\/en\/wp-json\/wp\/v2\/media?parent=9557"}],"wp:term":[{"taxonomy":"product_brand","embeddable":true,"href":"https:\/\/funspor.com\/en\/wp-json\/wp\/v2\/product_brand?post=9557"},{"taxonomy":"product_cat","embeddable":true,"href":"https:\/\/funspor.com\/en\/wp-json\/wp\/v2\/product_cat?post=9557"},{"taxonomy":"product_tag","embeddable":true,"href":"https:\/\/funspor.com\/en\/wp-json\/wp\/v2\/product_tag?post=9557"}],"curies":[{"name":"wp","href":"https:\/\/api.w.org\/{rel}","templated":true}]}}