{"id":9541,"date":"2022-04-27T11:01:54","date_gmt":"2022-04-27T08:01:54","guid":{"rendered":"https:\/\/funspor.com\/?post_type=product&#038;p=9541"},"modified":"2025-12-14T08:49:09","modified_gmt":"2025-12-14T05:49:09","slug":"hyperice-hypervolt-2-pro","status":"publish","type":"product","link":"https:\/\/funspor.com\/en\/urun\/hyperice-hypervolt-2-pro\/","title":{"rendered":"Hyperice HyperVolt 2 PRO"},"content":{"rendered":"<p><iframe loading=\"lazy\" title=\"Introducing the Hypervolt 2 Pro\" width=\"1020\" height=\"574\" src=\"https:\/\/www.youtube.com\/embed\/UJ07-c9F9fQ?feature=oembed\" frameborder=\"0\" allow=\"accelerometer; autoplay; clipboard-write; encrypted-media; gyroscope; picture-in-picture; web-share\" allowfullscreen><\/iframe><\/p>\n<section id=\"hypervolt-2-pro-overview\" class=\"jsx-4140983030 image-text-rows\" data-gtm-vis-first-on-screen-50866476_223=\"565309\">\n<div class=\"container-desktop\">\n<div>\n<div>\n<h4 class=\"jsx-3523244414 h4 \"><strong>Power moves<\/strong><\/h4>\n<div class=\"jsx-4140983030 body\">\n<p class=\" jsx-2534508423 large \">Get the same powerful percussion massage therapy that the world&#8217;s best athletes have\u2014right in the palm of your hand. Our most powerful device ever, now with five variable speeds and a new digital dial, the Hypervolt 2 Pro helps you recover faster so you can get back to doing more of what you love.<\/p>\n<\/div>\n<\/div>\n<\/div>\n<div>\n<div>\n<div class=\"jsx-4140983030 items\">\n<div class=\"jsx-4140983030 card\">\n<article class=\"jsx-1730636184\">\n<div class=\"jsx-1730636184 data\">\n<h5 class=\"jsx-3523244414 h5 \"><strong>Serious relief<\/strong><\/h5>\n<div class=\"jsx-1730636184 body\">\n<p class=\" jsx-33195813 medium \">The Hypervolt 2 Pro is our strongest percussion device, offering deep-penetrating relief to stiff muscles, so you can train harder and recover faster.<\/p>\n<\/div>\n<\/div>\n<\/article>\n<\/div>\n<\/div>\n<\/div>\n<\/div>\n<\/div>\n<\/section>\n<section id=\"hypervolt-2pro-info\" class=\"jsx-3749028762 image-text-columns\">\n<div class=\"jsx-3665261195 layout-limiter padded\">\n<div class=\"jsx-3749028762 header\">\n<h4 class=\"jsx-3523244414 h4 \"><strong>Explore Hypervolt 2 Pro<\/strong><\/h4>\n<\/div>\n<div class=\"jsx-3749028762 grid grid-2\">\n<div class=\"jsx-3749028762 row\">\n<article class=\"jsx-1909068654\">\n<div class=\"jsx-1909068654 image\"><img loading=\"lazy\" decoding=\"async\" class=\"jsx-1909068654\" src=\"https:\/\/images.ctfassets.net\/sa0xzxw55dr7\/6DfUxhEV7kAbZrPPA0DVT4\/b232967d588b062a14f2a2f51da44a32\/hypervolt-2-pro-serious-relief.jpg?fm=webp\" alt=\"\" width=\"600\" height=\"828\" \/><\/div>\n<div class=\"jsx-1909068654 data\">\n<p class=\" jsx-2534508423 large bold \"><strong>Level up<\/strong><\/p>\n<div class=\"jsx-1909068654 content\">\n<p class=\" jsx-33195813 small \">Choose the massage that\u2019s right for you. Cycle through five levels of percussion with the digital speed dial on the back of the device and choose from five different head attachments.<\/p>\n<\/div>\n<\/div>\n<\/article>\n<\/div>\n<div class=\"jsx-3749028762 row\">\n<article class=\"jsx-1909068654\">\n<div class=\"jsx-1909068654 image\"><img loading=\"lazy\" decoding=\"async\" class=\"jsx-1909068654\" src=\"https:\/\/images.ctfassets.net\/sa0xzxw55dr7\/4IitGuRJfOGGDxR1aN4HD7\/46e9d4b9215d322d96f128e2a1d534e0\/hypervolt-2-pro-power-progress.jpg?fm=webp\" alt=\"\" width=\"600\" height=\"828\" \/><\/div>\n<div class=\"jsx-1909068654 data\">\n<p class=\" jsx-2534508423 large bold \"><strong>Power your progress<\/strong><\/p>\n<div class=\"jsx-1909068654 content\">\n<p class=\" jsx-33195813 small \">Warm up and recover like the pros do, with guided routines from top athletes and automatic speed adjustment with the Bluetooth\u00ae connected Hyperice App, powered by HyperSmart\u2122 technology.<\/p>\n<\/div>\n<\/div>\n<\/article>\n<\/div>\n<\/div>\n<\/div>\n<\/section>\n<p>&nbsp;<\/p>\n<p><strong>TECHNICAL INFORMATION<\/strong><\/p>\n<p>Weight: 1180 g<\/p>\n<p>Length: 8 x 2.5 x 10.4 in<\/p>\n<p>Battery life: 3 hours<\/p>\n<p>Speed: 5 speed percussion<\/p>\n<p>Motor: Brushless high torque 90W motor<\/p>\n<p>Bluetooth\u00ae: Connects to Hyperice App via Bluetooth\u00ae (for automatic speed control)<\/p>\n<p>Pressure sensor: Patented Pressure Sensor Technology\u2122 shows how much pressure is applied<\/p>\n<p>TSA-approved: TSA-approved for transport<\/p>\n<p>Head attachments: 5 (fork, ball, cushion, flat, bullet)<\/p>\n<p><span class=\"Y2IQFc\" lang=\"tr\"><a href=\"https:\/\/funspor.com\/wp-content\/uploads\/2022\/04\/Image-1.png\"><img loading=\"lazy\" decoding=\"async\" class=\"wp-image-9548 aligncenter\" src=\"https:\/\/funspor.com\/wp-content\/uploads\/2022\/04\/Image-1-300x256.png\" alt=\"\" width=\"550\" height=\"469\" \/><\/a><\/span><\/p>\n","protected":false},"excerpt":{"rendered":"<p><strong><span class=\"Y2IQFc\" lang=\"tr\">Warm up faster and recover like a pro with our most powerful percussion massage device.<\/span><\/strong><\/p>\n","protected":false},"featured_media":10254,"comment_status":"closed","ping_status":"closed","template":"","meta":[],"product_brand":[],"product_cat":[905,991,994,2375],"product_tag":[],"class_list":{"0":"post-9541","1":"product","2":"type-product","3":"status-publish","4":"has-post-thumbnail","6":"product_cat-hyperice-en","7":"product_cat-vibration-massage-device","8":"product_cat-season-prep","9":"product_cat-massage-guns","11":"first","12":"instock","13":"featured","14":"shipping-taxable","15":"purchasable","16":"product-type-simple"},"yoast_head":"<!-- This site is optimized with the Yoast SEO plugin v27.3 - https:\/\/yoast.com\/product\/yoast-seo-wordpress\/ -->\n<title>Hyperice HyperVolt 2 PRO - Fun Spor<\/title>\n<meta name=\"description\" content=\"D\u00fcnyan\u0131n en iyi sporcular\u0131n\u0131n sahip oldu\u011fu, ayn\u0131 g\u00fc\u00e7l\u00fc perk\u00fcsyon masaj terapisine sahip olun.\" \/>\n<meta name=\"robots\" content=\"index, follow, max-snippet:-1, max-image-preview:large, max-video-preview:-1\" \/>\n<link rel=\"canonical\" href=\"https:\/\/funspor.com\/urun\/hyperice-hypervolt-2-pro\/\" \/>\n<meta property=\"og:locale\" content=\"en_US\" \/>\n<meta property=\"og:type\" content=\"article\" \/>\n<meta property=\"og:title\" content=\"Hyperice HyperVolt 2 PRO - Fun Spor\" \/>\n<meta property=\"og:description\" content=\"D\u00fcnyan\u0131n en iyi sporcular\u0131n\u0131n sahip oldu\u011fu, ayn\u0131 g\u00fc\u00e7l\u00fc perk\u00fcsyon masaj terapisine sahip olun.\" \/>\n<meta property=\"og:url\" content=\"https:\/\/funspor.com\/urun\/hyperice-hypervolt-2-pro\/\" \/>\n<meta property=\"og:site_name\" content=\"Fun Spor\" \/>\n<meta property=\"article:publisher\" content=\"https:\/\/www.facebook.com\/BVSportTR\" \/>\n<meta property=\"article:modified_time\" content=\"2025-12-14T05:49:09+00:00\" \/>\n<meta property=\"og:image\" content=\"https:\/\/funspor.com\/wp-content\/uploads\/2022\/04\/f123e2_a6b429e0763645fda90ab6f5e30b7c1dmv2.jpg\" \/>\n\t<meta property=\"og:image:width\" content=\"556\" \/>\n\t<meta property=\"og:image:height\" content=\"834\" \/>\n\t<meta property=\"og:image:type\" content=\"image\/jpeg\" \/>\n<meta name=\"twitter:card\" content=\"summary_large_image\" \/>\n<meta name=\"twitter:label1\" content=\"Est. reading time\" \/>\n\t<meta name=\"twitter:data1\" content=\"2 minutes\" \/>\n<script type=\"application\/ld+json\" class=\"yoast-schema-graph\">{\"@context\":\"https:\\\/\\\/schema.org\",\"@graph\":[{\"@type\":\"WebPage\",\"@id\":\"https:\\\/\\\/funspor.com\\\/urun\\\/hyperice-hypervolt-2-pro\\\/\",\"url\":\"https:\\\/\\\/funspor.com\\\/urun\\\/hyperice-hypervolt-2-pro\\\/\",\"name\":\"Hyperice HyperVolt 2 PRO - Fun Spor\",\"isPartOf\":{\"@id\":\"https:\\\/\\\/funspor.com\\\/#website\"},\"primaryImageOfPage\":{\"@id\":\"https:\\\/\\\/funspor.com\\\/urun\\\/hyperice-hypervolt-2-pro\\\/#primaryimage\"},\"image\":{\"@id\":\"https:\\\/\\\/funspor.com\\\/urun\\\/hyperice-hypervolt-2-pro\\\/#primaryimage\"},\"thumbnailUrl\":\"https:\\\/\\\/funspor.com\\\/wp-content\\\/uploads\\\/2022\\\/04\\\/f123e2_a6b429e0763645fda90ab6f5e30b7c1dmv2.jpg\",\"datePublished\":\"2022-04-27T08:01:54+00:00\",\"dateModified\":\"2025-12-14T05:49:09+00:00\",\"description\":\"D\u00fcnyan\u0131n en iyi sporcular\u0131n\u0131n sahip oldu\u011fu, ayn\u0131 g\u00fc\u00e7l\u00fc perk\u00fcsyon masaj terapisine sahip olun.\",\"breadcrumb\":{\"@id\":\"https:\\\/\\\/funspor.com\\\/urun\\\/hyperice-hypervolt-2-pro\\\/#breadcrumb\"},\"inLanguage\":\"en-US\",\"potentialAction\":[{\"@type\":\"ReadAction\",\"target\":[\"https:\\\/\\\/funspor.com\\\/urun\\\/hyperice-hypervolt-2-pro\\\/\"]}]},{\"@type\":\"ImageObject\",\"inLanguage\":\"en-US\",\"@id\":\"https:\\\/\\\/funspor.com\\\/urun\\\/hyperice-hypervolt-2-pro\\\/#primaryimage\",\"url\":\"https:\\\/\\\/funspor.com\\\/wp-content\\\/uploads\\\/2022\\\/04\\\/f123e2_a6b429e0763645fda90ab6f5e30b7c1dmv2.jpg\",\"contentUrl\":\"https:\\\/\\\/funspor.com\\\/wp-content\\\/uploads\\\/2022\\\/04\\\/f123e2_a6b429e0763645fda90ab6f5e30b7c1dmv2.jpg\",\"width\":556,\"height\":834},{\"@type\":\"BreadcrumbList\",\"@id\":\"https:\\\/\\\/funspor.com\\\/urun\\\/hyperice-hypervolt-2-pro\\\/#breadcrumb\",\"itemListElement\":[{\"@type\":\"ListItem\",\"position\":1,\"name\":\"Ana sayfa\",\"item\":\"https:\\\/\\\/funspor.com\\\/en\\\/\"},{\"@type\":\"ListItem\",\"position\":2,\"name\":\"E-Ma\u011faza\",\"item\":\"https:\\\/\\\/funspor.com\\\/e-magaza\\\/\"},{\"@type\":\"ListItem\",\"position\":3,\"name\":\"Hyperice HyperVolt 2 PRO\"}]},{\"@type\":\"WebSite\",\"@id\":\"https:\\\/\\\/funspor.com\\\/#website\",\"url\":\"https:\\\/\\\/funspor.com\\\/\",\"name\":\"Fun Spor\",\"description\":\"Pro Athlete Products\",\"publisher\":{\"@id\":\"https:\\\/\\\/funspor.com\\\/#organization\"},\"potentialAction\":[{\"@type\":\"SearchAction\",\"target\":{\"@type\":\"EntryPoint\",\"urlTemplate\":\"https:\\\/\\\/funspor.com\\\/?s={search_term_string}\"},\"query-input\":{\"@type\":\"PropertyValueSpecification\",\"valueRequired\":true,\"valueName\":\"search_term_string\"}}],\"inLanguage\":\"en-US\"},{\"@type\":\"Organization\",\"@id\":\"https:\\\/\\\/funspor.com\\\/#organization\",\"name\":\"Fun Spor\",\"url\":\"https:\\\/\\\/funspor.com\\\/\",\"logo\":{\"@type\":\"ImageObject\",\"inLanguage\":\"en-US\",\"@id\":\"https:\\\/\\\/funspor.com\\\/#\\\/schema\\\/logo\\\/image\\\/\",\"url\":\"https:\\\/\\\/funspor.com\\\/wp-content\\\/uploads\\\/2020\\\/06\\\/logo-funpor-1.png\",\"contentUrl\":\"https:\\\/\\\/funspor.com\\\/wp-content\\\/uploads\\\/2020\\\/06\\\/logo-funpor-1.png\",\"width\":230,\"height\":53,\"caption\":\"Fun Spor\"},\"image\":{\"@id\":\"https:\\\/\\\/funspor.com\\\/#\\\/schema\\\/logo\\\/image\\\/\"},\"sameAs\":[\"https:\\\/\\\/www.facebook.com\\\/BVSportTR\",\"https:\\\/\\\/www.instagram.com\\\/funspor\\\/\",\"https:\\\/\\\/www.instagram.com\\\/bvsport_tr\\\/\"]}]}<\/script>\n<!-- \/ Yoast SEO plugin. -->","yoast_head_json":{"title":"Hyperice HyperVolt 2 PRO - Fun Spor","description":"D\u00fcnyan\u0131n en iyi sporcular\u0131n\u0131n sahip oldu\u011fu, ayn\u0131 g\u00fc\u00e7l\u00fc perk\u00fcsyon masaj terapisine sahip olun.","robots":{"index":"index","follow":"follow","max-snippet":"max-snippet:-1","max-image-preview":"max-image-preview:large","max-video-preview":"max-video-preview:-1"},"canonical":"https:\/\/funspor.com\/urun\/hyperice-hypervolt-2-pro\/","og_locale":"en_US","og_type":"article","og_title":"Hyperice HyperVolt 2 PRO - Fun Spor","og_description":"D\u00fcnyan\u0131n en iyi sporcular\u0131n\u0131n sahip oldu\u011fu, ayn\u0131 g\u00fc\u00e7l\u00fc perk\u00fcsyon masaj terapisine sahip olun.","og_url":"https:\/\/funspor.com\/urun\/hyperice-hypervolt-2-pro\/","og_site_name":"Fun Spor","article_publisher":"https:\/\/www.facebook.com\/BVSportTR","article_modified_time":"2025-12-14T05:49:09+00:00","og_image":[{"width":556,"height":834,"url":"https:\/\/funspor.com\/wp-content\/uploads\/2022\/04\/f123e2_a6b429e0763645fda90ab6f5e30b7c1dmv2.jpg","type":"image\/jpeg"}],"twitter_card":"summary_large_image","twitter_misc":{"Est. reading time":"2 minutes"},"schema":{"@context":"https:\/\/schema.org","@graph":[{"@type":"WebPage","@id":"https:\/\/funspor.com\/urun\/hyperice-hypervolt-2-pro\/","url":"https:\/\/funspor.com\/urun\/hyperice-hypervolt-2-pro\/","name":"Hyperice HyperVolt 2 PRO - Fun Spor","isPartOf":{"@id":"https:\/\/funspor.com\/#website"},"primaryImageOfPage":{"@id":"https:\/\/funspor.com\/urun\/hyperice-hypervolt-2-pro\/#primaryimage"},"image":{"@id":"https:\/\/funspor.com\/urun\/hyperice-hypervolt-2-pro\/#primaryimage"},"thumbnailUrl":"https:\/\/funspor.com\/wp-content\/uploads\/2022\/04\/f123e2_a6b429e0763645fda90ab6f5e30b7c1dmv2.jpg","datePublished":"2022-04-27T08:01:54+00:00","dateModified":"2025-12-14T05:49:09+00:00","description":"D\u00fcnyan\u0131n en iyi sporcular\u0131n\u0131n sahip oldu\u011fu, ayn\u0131 g\u00fc\u00e7l\u00fc perk\u00fcsyon masaj terapisine sahip olun.","breadcrumb":{"@id":"https:\/\/funspor.com\/urun\/hyperice-hypervolt-2-pro\/#breadcrumb"},"inLanguage":"en-US","potentialAction":[{"@type":"ReadAction","target":["https:\/\/funspor.com\/urun\/hyperice-hypervolt-2-pro\/"]}]},{"@type":"ImageObject","inLanguage":"en-US","@id":"https:\/\/funspor.com\/urun\/hyperice-hypervolt-2-pro\/#primaryimage","url":"https:\/\/funspor.com\/wp-content\/uploads\/2022\/04\/f123e2_a6b429e0763645fda90ab6f5e30b7c1dmv2.jpg","contentUrl":"https:\/\/funspor.com\/wp-content\/uploads\/2022\/04\/f123e2_a6b429e0763645fda90ab6f5e30b7c1dmv2.jpg","width":556,"height":834},{"@type":"BreadcrumbList","@id":"https:\/\/funspor.com\/urun\/hyperice-hypervolt-2-pro\/#breadcrumb","itemListElement":[{"@type":"ListItem","position":1,"name":"Ana sayfa","item":"https:\/\/funspor.com\/en\/"},{"@type":"ListItem","position":2,"name":"E-Ma\u011faza","item":"https:\/\/funspor.com\/e-magaza\/"},{"@type":"ListItem","position":3,"name":"Hyperice HyperVolt 2 PRO"}]},{"@type":"WebSite","@id":"https:\/\/funspor.com\/#website","url":"https:\/\/funspor.com\/","name":"Fun Spor","description":"Pro Athlete Products","publisher":{"@id":"https:\/\/funspor.com\/#organization"},"potentialAction":[{"@type":"SearchAction","target":{"@type":"EntryPoint","urlTemplate":"https:\/\/funspor.com\/?s={search_term_string}"},"query-input":{"@type":"PropertyValueSpecification","valueRequired":true,"valueName":"search_term_string"}}],"inLanguage":"en-US"},{"@type":"Organization","@id":"https:\/\/funspor.com\/#organization","name":"Fun Spor","url":"https:\/\/funspor.com\/","logo":{"@type":"ImageObject","inLanguage":"en-US","@id":"https:\/\/funspor.com\/#\/schema\/logo\/image\/","url":"https:\/\/funspor.com\/wp-content\/uploads\/2020\/06\/logo-funpor-1.png","contentUrl":"https:\/\/funspor.com\/wp-content\/uploads\/2020\/06\/logo-funpor-1.png","width":230,"height":53,"caption":"Fun Spor"},"image":{"@id":"https:\/\/funspor.com\/#\/schema\/logo\/image\/"},"sameAs":["https:\/\/www.facebook.com\/BVSportTR","https:\/\/www.instagram.com\/funspor\/","https:\/\/www.instagram.com\/bvsport_tr\/"]}]}},"_links":{"self":[{"href":"https:\/\/funspor.com\/en\/wp-json\/wp\/v2\/product\/9541","targetHints":{"allow":["GET"]}}],"collection":[{"href":"https:\/\/funspor.com\/en\/wp-json\/wp\/v2\/product"}],"about":[{"href":"https:\/\/funspor.com\/en\/wp-json\/wp\/v2\/types\/product"}],"replies":[{"embeddable":true,"href":"https:\/\/funspor.com\/en\/wp-json\/wp\/v2\/comments?post=9541"}],"wp:featuredmedia":[{"embeddable":true,"href":"https:\/\/funspor.com\/en\/wp-json\/wp\/v2\/media\/10254"}],"wp:attachment":[{"href":"https:\/\/funspor.com\/en\/wp-json\/wp\/v2\/media?parent=9541"}],"wp:term":[{"taxonomy":"product_brand","embeddable":true,"href":"https:\/\/funspor.com\/en\/wp-json\/wp\/v2\/product_brand?post=9541"},{"taxonomy":"product_cat","embeddable":true,"href":"https:\/\/funspor.com\/en\/wp-json\/wp\/v2\/product_cat?post=9541"},{"taxonomy":"product_tag","embeddable":true,"href":"https:\/\/funspor.com\/en\/wp-json\/wp\/v2\/product_tag?post=9541"}],"curies":[{"name":"wp","href":"https:\/\/api.w.org\/{rel}","templated":true}]}}